{"id":102,"date":"2018-07-15T11:28:21","date_gmt":"2018-07-15T11:28:21","guid":{"rendered":"http:\/\/themes.pixelwars.org\/lahanna\/?page_id=102"},"modified":"2022-01-07T12:56:47","modified_gmt":"2022-01-07T11:56:47","slug":"chi-sono","status":"publish","type":"page","link":"https:\/\/www.myvegatelier.com\/it\/chi-sono\/","title":{"rendered":"Chi sono"},"content":{"rendered":"\n<p class=\"has-text-align-center\"><span class=\"keditable\">Mi chiamo Roberta Colombo, sono una cuoca vegana di professione, vivo dal 2004 in Austria con la mia famiglia, composta da marito, due figlie, cani e gatti.<\/span><\/p>\n\n\n\n<p class=\"has-text-align-center\"><span class=\"keditable\"> Da figlia di ex macellaio e commerciante di carne, ho fatto una scelta radicale, smantellando gli &#8220;insegnamenti&#8221; ricevuti in famiglia, per motivi etici e salutistici. Dal momento in cui si comprende che gli animali non sono degli oggetti di nostra appartenenza e anzi provano dolore e sentimenti, non ci \u00e8 pi\u00f9 possibile fingere di non sapere cosa si causa con le nostre scelte alimentari. <\/span><\/p>\n\n\n\n<p class=\"has-text-align-center\"><span class=\"keditable\">Da oltre dieci anni cucino in maniera innovativa, mettendo a punto ricette vegane di mia creazione, lasciandomi trasportare dalla mia fantasia, che abbina colori e sapori seguendo quello che mi suggeriscono intuito ed esperienza. <\/span><br><span class=\"keditable\">Questo mi permette di offrire ai miei clienti dei piatti diversi, colorati, saporiti, ideati secondo le loro personali esigenze alimentari. Sono disponibile come cuoca vegana a domicilio a Vienna e periferia, per donare alle vostre feste private, ai vostri eventi o compleanni, un flair tutto italiano in tavola ed ai fornelli. <\/span><\/p>\n\n\n\n<p class=\"has-text-align-center\"><span class=\"keditable\">Naturalmente vengono prese in considerazione eventuali intolleranze e\/o allergie alimentari. Sar\u00f2 felice di approntare corsi di cucina vegana personalizzati, cos\u00ec come men\u00f9 disegnati ad hoc per il vostro evento.&nbsp; \u00c8 possibile contattarmi senza impegno per un preventivo (\u00a75 KSchG)<\/span><\/p>\n\n\n\n<h5 class=\"has-text-align-center wp-block-heading\">FOLLOW ME<\/h5>\n\n\n\n<ul class=\"wp-block-social-links aligncenter items-justified-center is-style-default is-layout-flex wp-block-social-links-is-layout-flex\"><li class=\"wp-social-link wp-social-link-facebook  wp-block-social-link\"><a rel=\"noopener nofollow\" target=\"_blank\" href=\"https:\/\/www.facebook.com\/profile.php?id=100052586927537\" class=\"wp-block-social-link-anchor\"><svg width=\"24\" height=\"24\" viewBox=\"0 0 24 24\" version=\"1.1\" xmlns=\"http:\/\/www.w3.org\/2000\/svg\" aria-hidden=\"true\" focusable=\"false\"><path d=\"M12 2C6.5 2 2 6.5 2 12c0 5 3.7 9.1 8.4 9.9v-7H7.9V12h2.5V9.8c0-2.5 1.5-3.9 3.8-3.9 1.1 0 2.2.2 2.2.2v2.5h-1.3c-1.2 0-1.6.8-1.6 1.6V12h2.8l-.4 2.9h-2.3v7C18.3 21.1 22 17 22 12c0-5.5-4.5-10-10-10z\"><\/path><\/svg><span class=\"wp-block-social-link-label screen-reader-text\">Facebook<\/span><\/a><\/li>\n\n<li class=\"wp-social-link wp-social-link-instagram  wp-block-social-link\"><a rel=\"noopener nofollow\" target=\"_blank\" href=\"https:\/\/www.instagram.com\/myvegatelier\/\" class=\"wp-block-social-link-anchor\"><svg width=\"24\" height=\"24\" viewBox=\"0 0 24 24\" version=\"1.1\" xmlns=\"http:\/\/www.w3.org\/2000\/svg\" aria-hidden=\"true\" focusable=\"false\"><path d=\"M12,4.622c2.403,0,2.688,0.009,3.637,0.052c0.877,0.04,1.354,0.187,1.671,0.31c0.42,0.163,0.72,0.358,1.035,0.673 c0.315,0.315,0.51,0.615,0.673,1.035c0.123,0.317,0.27,0.794,0.31,1.671c0.043,0.949,0.052,1.234,0.052,3.637 s-0.009,2.688-0.052,3.637c-0.04,0.877-0.187,1.354-0.31,1.671c-0.163,0.42-0.358,0.72-0.673,1.035 c-0.315,0.315-0.615,0.51-1.035,0.673c-0.317,0.123-0.794,0.27-1.671,0.31c-0.949,0.043-1.233,0.052-3.637,0.052 s-2.688-0.009-3.637-0.052c-0.877-0.04-1.354-0.187-1.671-0.31c-0.42-0.163-0.72-0.358-1.035-0.673 c-0.315-0.315-0.51-0.615-0.673-1.035c-0.123-0.317-0.27-0.794-0.31-1.671C4.631,14.688,4.622,14.403,4.622,12 s0.009-2.688,0.052-3.637c0.04-0.877,0.187-1.354,0.31-1.671c0.163-0.42,0.358-0.72,0.673-1.035 c0.315-0.315,0.615-0.51,1.035-0.673c0.317-0.123,0.794-0.27,1.671-0.31C9.312,4.631,9.597,4.622,12,4.622 M12,3 C9.556,3,9.249,3.01,8.289,3.054C7.331,3.098,6.677,3.25,6.105,3.472C5.513,3.702,5.011,4.01,4.511,4.511 c-0.5,0.5-0.808,1.002-1.038,1.594C3.25,6.677,3.098,7.331,3.054,8.289C3.01,9.249,3,9.556,3,12c0,2.444,0.01,2.751,0.054,3.711 c0.044,0.958,0.196,1.612,0.418,2.185c0.23,0.592,0.538,1.094,1.038,1.594c0.5,0.5,1.002,0.808,1.594,1.038 c0.572,0.222,1.227,0.375,2.185,0.418C9.249,20.99,9.556,21,12,21s2.751-0.01,3.711-0.054c0.958-0.044,1.612-0.196,2.185-0.418 c0.592-0.23,1.094-0.538,1.594-1.038c0.5-0.5,0.808-1.002,1.038-1.594c0.222-0.572,0.375-1.227,0.418-2.185 C20.99,14.751,21,14.444,21,12s-0.01-2.751-0.054-3.711c-0.044-0.958-0.196-1.612-0.418-2.185c-0.23-0.592-0.538-1.094-1.038-1.594 c-0.5-0.5-1.002-0.808-1.594-1.038c-0.572-0.222-1.227-0.375-2.185-0.418C14.751,3.01,14.444,3,12,3L12,3z M12,7.378 c-2.552,0-4.622,2.069-4.622,4.622S9.448,16.622,12,16.622s4.622-2.069,4.622-4.622S14.552,7.378,12,7.378z M12,15 c-1.657,0-3-1.343-3-3s1.343-3,3-3s3,1.343,3,3S13.657,15,12,15z M16.804,6.116c-0.596,0-1.08,0.484-1.08,1.08 s0.484,1.08,1.08,1.08c0.596,0,1.08-0.484,1.08-1.08S17.401,6.116,16.804,6.116z\"><\/path><\/svg><span class=\"wp-block-social-link-label screen-reader-text\">Instagram<\/span><\/a><\/li><\/ul>\n","protected":false},"excerpt":{"rendered":"<p>Mi chiamo Roberta Colombo, sono una cuoca vegana di professione, vivo dal 2004 in Austria con la mia famiglia, composta da marito, due figlie, cani&#8230; <\/p>\n<p class=\"more\"><a class=\"more-link\" href=\"https:\/\/www.myvegatelier.com\/it\/chi-sono\/\">Leggi di pi\u00f9<\/a><\/p>\n","protected":false},"author":1,"featured_media":565,"parent":0,"menu_order":0,"comment_status":"closed","ping_status":"closed","template":"","meta":{"footnotes":""},"class_list":["post-102","page","type-page","status-publish","has-post-thumbnail","hentry","is-cat-link-solid-light is-cat-link-rounded"],"yoast_head":"<!-- This site is optimized with the Yoast SEO plugin v23.9 - https:\/\/yoast.com\/wordpress\/plugins\/seo\/ -->\n<title>Chi sono &#8212; MyVegAtelier<\/title>\n<meta name=\"robots\" content=\"index, follow, max-snippet:-1, max-image-preview:large, max-video-preview:-1\" \/>\n<link rel=\"canonical\" href=\"https:\/\/www.myvegatelier.com\/it\/chi-sono\/\" \/>\n<meta property=\"og:locale\" content=\"it_IT\" \/>\n<meta property=\"og:type\" content=\"article\" \/>\n<meta property=\"og:title\" content=\"Chi sono &#8212; MyVegAtelier\" \/>\n<meta property=\"og:description\" content=\"Mi chiamo Roberta Colombo, sono una cuoca vegana di professione, vivo dal 2004 in Austria con la mia famiglia, composta da marito, due figlie, cani... Leggi di pi\u00f9\" \/>\n<meta property=\"og:url\" content=\"https:\/\/www.myvegatelier.com\/it\/chi-sono\/\" \/>\n<meta property=\"og:site_name\" content=\"MyVegAtelier\" \/>\n<meta property=\"article:publisher\" content=\"https:\/\/www.facebook.com\/Fantasia-Vegana-Einfach-Vegan-592709607502237\" \/>\n<meta property=\"article:modified_time\" content=\"2022-01-07T11:56:47+00:00\" \/>\n<meta property=\"og:image\" content=\"https:\/\/www.myvegatelier.com\/wp-content\/uploads\/2020\/03\/img_8165-scaled.jpg\" \/>\n\t<meta property=\"og:image:width\" content=\"1901\" \/>\n\t<meta property=\"og:image:height\" content=\"2560\" \/>\n\t<meta property=\"og:image:type\" content=\"image\/jpeg\" \/>\n<meta name=\"twitter:card\" content=\"summary_large_image\" \/>\n<meta name=\"twitter:label1\" content=\"Tempo di lettura stimato\" \/>\n\t<meta name=\"twitter:data1\" content=\"2 minuti\" \/>\n<script type=\"application\/ld+json\" class=\"yoast-schema-graph\">{\"@context\":\"https:\/\/schema.org\",\"@graph\":[{\"@type\":\"WebPage\",\"@id\":\"https:\/\/www.myvegatelier.com\/it\/chi-sono\/\",\"url\":\"https:\/\/www.myvegatelier.com\/it\/chi-sono\/\",\"name\":\"Chi sono &#8212; MyVegAtelier\",\"isPartOf\":{\"@id\":\"https:\/\/www.myvegatelier.com\/#website\"},\"primaryImageOfPage\":{\"@id\":\"https:\/\/www.myvegatelier.com\/it\/chi-sono\/#primaryimage\"},\"image\":{\"@id\":\"https:\/\/www.myvegatelier.com\/it\/chi-sono\/#primaryimage\"},\"thumbnailUrl\":\"https:\/\/www.myvegatelier.com\/wp-content\/uploads\/2020\/03\/img_8165-scaled.jpg\",\"datePublished\":\"2018-07-15T11:28:21+00:00\",\"dateModified\":\"2022-01-07T11:56:47+00:00\",\"breadcrumb\":{\"@id\":\"https:\/\/www.myvegatelier.com\/it\/chi-sono\/#breadcrumb\"},\"inLanguage\":\"it-IT\",\"potentialAction\":[{\"@type\":\"ReadAction\",\"target\":[\"https:\/\/www.myvegatelier.com\/it\/chi-sono\/\"]}]},{\"@type\":\"ImageObject\",\"inLanguage\":\"it-IT\",\"@id\":\"https:\/\/www.myvegatelier.com\/it\/chi-sono\/#primaryimage\",\"url\":\"https:\/\/www.myvegatelier.com\/wp-content\/uploads\/2020\/03\/img_8165-scaled.jpg\",\"contentUrl\":\"https:\/\/www.myvegatelier.com\/wp-content\/uploads\/2020\/03\/img_8165-scaled.jpg\",\"width\":1901,\"height\":2560},{\"@type\":\"BreadcrumbList\",\"@id\":\"https:\/\/www.myvegatelier.com\/it\/chi-sono\/#breadcrumb\",\"itemListElement\":[{\"@type\":\"ListItem\",\"position\":1,\"name\":\"Home\",\"item\":\"https:\/\/www.myvegatelier.com\/it\/\"},{\"@type\":\"ListItem\",\"position\":2,\"name\":\"Chi sono\"}]},{\"@type\":\"WebSite\",\"@id\":\"https:\/\/www.myvegatelier.com\/#website\",\"url\":\"https:\/\/www.myvegatelier.com\/\",\"name\":\"MyVegAtelier\",\"description\":\"\",\"publisher\":{\"@id\":\"https:\/\/www.myvegatelier.com\/#organization\"},\"potentialAction\":[{\"@type\":\"SearchAction\",\"target\":{\"@type\":\"EntryPoint\",\"urlTemplate\":\"https:\/\/www.myvegatelier.com\/?s={search_term_string}\"},\"query-input\":{\"@type\":\"PropertyValueSpecification\",\"valueRequired\":true,\"valueName\":\"search_term_string\"}}],\"inLanguage\":\"it-IT\"},{\"@type\":\"Organization\",\"@id\":\"https:\/\/www.myvegatelier.com\/#organization\",\"name\":\"MyVegAtelier di Roberta Colombo\",\"url\":\"https:\/\/www.myvegatelier.com\/\",\"logo\":{\"@type\":\"ImageObject\",\"inLanguage\":\"it-IT\",\"@id\":\"https:\/\/www.myvegatelier.com\/#\/schema\/logo\/image\/\",\"url\":\"https:\/\/www.myvegatelier.com\/wp-content\/uploads\/2020\/04\/logo.png\",\"contentUrl\":\"https:\/\/www.myvegatelier.com\/wp-content\/uploads\/2020\/04\/logo.png\",\"width\":400,\"height\":400,\"caption\":\"MyVegAtelier di Roberta Colombo\"},\"image\":{\"@id\":\"https:\/\/www.myvegatelier.com\/#\/schema\/logo\/image\/\"},\"sameAs\":[\"https:\/\/www.facebook.com\/Fantasia-Vegana-Einfach-Vegan-592709607502237\",\"https:\/\/www.instagram.com\/myvegatelier\/\",\"https:\/\/www.youtube.com\/channel\/UCL6eixO_Tavhf52tde8XjkA\"]}]}<\/script>\n<!-- \/ Yoast SEO plugin. -->","yoast_head_json":{"title":"Chi sono &#8212; MyVegAtelier","robots":{"index":"index","follow":"follow","max-snippet":"max-snippet:-1","max-image-preview":"max-image-preview:large","max-video-preview":"max-video-preview:-1"},"canonical":"https:\/\/www.myvegatelier.com\/it\/chi-sono\/","og_locale":"it_IT","og_type":"article","og_title":"Chi sono &#8212; MyVegAtelier","og_description":"Mi chiamo Roberta Colombo, sono una cuoca vegana di professione, vivo dal 2004 in Austria con la mia famiglia, composta da marito, due figlie, cani... Leggi di pi\u00f9","og_url":"https:\/\/www.myvegatelier.com\/it\/chi-sono\/","og_site_name":"MyVegAtelier","article_publisher":"https:\/\/www.facebook.com\/Fantasia-Vegana-Einfach-Vegan-592709607502237","article_modified_time":"2022-01-07T11:56:47+00:00","og_image":[{"width":1901,"height":2560,"url":"https:\/\/www.myvegatelier.com\/wp-content\/uploads\/2020\/03\/img_8165-scaled.jpg","type":"image\/jpeg"}],"twitter_card":"summary_large_image","twitter_misc":{"Tempo di lettura stimato":"2 minuti"},"schema":{"@context":"https:\/\/schema.org","@graph":[{"@type":"WebPage","@id":"https:\/\/www.myvegatelier.com\/it\/chi-sono\/","url":"https:\/\/www.myvegatelier.com\/it\/chi-sono\/","name":"Chi sono &#8212; MyVegAtelier","isPartOf":{"@id":"https:\/\/www.myvegatelier.com\/#website"},"primaryImageOfPage":{"@id":"https:\/\/www.myvegatelier.com\/it\/chi-sono\/#primaryimage"},"image":{"@id":"https:\/\/www.myvegatelier.com\/it\/chi-sono\/#primaryimage"},"thumbnailUrl":"https:\/\/www.myvegatelier.com\/wp-content\/uploads\/2020\/03\/img_8165-scaled.jpg","datePublished":"2018-07-15T11:28:21+00:00","dateModified":"2022-01-07T11:56:47+00:00","breadcrumb":{"@id":"https:\/\/www.myvegatelier.com\/it\/chi-sono\/#breadcrumb"},"inLanguage":"it-IT","potentialAction":[{"@type":"ReadAction","target":["https:\/\/www.myvegatelier.com\/it\/chi-sono\/"]}]},{"@type":"ImageObject","inLanguage":"it-IT","@id":"https:\/\/www.myvegatelier.com\/it\/chi-sono\/#primaryimage","url":"https:\/\/www.myvegatelier.com\/wp-content\/uploads\/2020\/03\/img_8165-scaled.jpg","contentUrl":"https:\/\/www.myvegatelier.com\/wp-content\/uploads\/2020\/03\/img_8165-scaled.jpg","width":1901,"height":2560},{"@type":"BreadcrumbList","@id":"https:\/\/www.myvegatelier.com\/it\/chi-sono\/#breadcrumb","itemListElement":[{"@type":"ListItem","position":1,"name":"Home","item":"https:\/\/www.myvegatelier.com\/it\/"},{"@type":"ListItem","position":2,"name":"Chi sono"}]},{"@type":"WebSite","@id":"https:\/\/www.myvegatelier.com\/#website","url":"https:\/\/www.myvegatelier.com\/","name":"MyVegAtelier","description":"","publisher":{"@id":"https:\/\/www.myvegatelier.com\/#organization"},"potentialAction":[{"@type":"SearchAction","target":{"@type":"EntryPoint","urlTemplate":"https:\/\/www.myvegatelier.com\/?s={search_term_string}"},"query-input":{"@type":"PropertyValueSpecification","valueRequired":true,"valueName":"search_term_string"}}],"inLanguage":"it-IT"},{"@type":"Organization","@id":"https:\/\/www.myvegatelier.com\/#organization","name":"MyVegAtelier di Roberta Colombo","url":"https:\/\/www.myvegatelier.com\/","logo":{"@type":"ImageObject","inLanguage":"it-IT","@id":"https:\/\/www.myvegatelier.com\/#\/schema\/logo\/image\/","url":"https:\/\/www.myvegatelier.com\/wp-content\/uploads\/2020\/04\/logo.png","contentUrl":"https:\/\/www.myvegatelier.com\/wp-content\/uploads\/2020\/04\/logo.png","width":400,"height":400,"caption":"MyVegAtelier di Roberta Colombo"},"image":{"@id":"https:\/\/www.myvegatelier.com\/#\/schema\/logo\/image\/"},"sameAs":["https:\/\/www.facebook.com\/Fantasia-Vegana-Einfach-Vegan-592709607502237","https:\/\/www.instagram.com\/myvegatelier\/","https:\/\/www.youtube.com\/channel\/UCL6eixO_Tavhf52tde8XjkA"]}]}},"_links":{"self":[{"href":"https:\/\/www.myvegatelier.com\/it\/wp-json\/wp\/v2\/pages\/102","targetHints":{"allow":["GET"]}}],"collection":[{"href":"https:\/\/www.myvegatelier.com\/it\/wp-json\/wp\/v2\/pages"}],"about":[{"href":"https:\/\/www.myvegatelier.com\/it\/wp-json\/wp\/v2\/types\/page"}],"author":[{"embeddable":true,"href":"https:\/\/www.myvegatelier.com\/it\/wp-json\/wp\/v2\/users\/1"}],"replies":[{"embeddable":true,"href":"https:\/\/www.myvegatelier.com\/it\/wp-json\/wp\/v2\/comments?post=102"}],"version-history":[{"count":10,"href":"https:\/\/www.myvegatelier.com\/it\/wp-json\/wp\/v2\/pages\/102\/revisions"}],"predecessor-version":[{"id":2492,"href":"https:\/\/www.myvegatelier.com\/it\/wp-json\/wp\/v2\/pages\/102\/revisions\/2492"}],"wp:featuredmedia":[{"embeddable":true,"href":"https:\/\/www.myvegatelier.com\/it\/wp-json\/wp\/v2\/media\/565"}],"wp:attachment":[{"href":"https:\/\/www.myvegatelier.com\/it\/wp-json\/wp\/v2\/media?parent=102"}],"curies":[{"name":"wp","href":"https:\/\/api.w.org\/{rel}","templated":true}]}}